{"id":14,"date":"2026-02-10T18:17:14","date_gmt":"2026-02-10T18:17:14","guid":{"rendered":"https:\/\/airplustx.com\/?page_id=14"},"modified":"2026-02-12T20:58:16","modified_gmt":"2026-02-12T20:58:16","slug":"inicio","status":"publish","type":"page","link":"https:\/\/airplustx.com\/en\/","title":{"rendered":"Home"},"content":{"rendered":"<div data-elementor-type=\"wp-page\" data-elementor-id=\"14\" class=\"elementor elementor-14\">\n\t\t\t\t<div class=\"elementor-element elementor-element-d7b7856 e-con-full elementor-hidden-desktop e-flex e-con e-parent\" data-id=\"d7b7856\" data-element_type=\"container\" data-e-type=\"container\" data-settings=\"{&quot;background_background&quot;:&quot;classic&quot;}\">\n\t\t\t\t<div class=\"elementor-element elementor-element-d03ba95 elementor-widget elementor-widget-heading\" data-id=\"d03ba95\" data-element_type=\"widget\" data-e-type=\"widget\" data-widget_type=\"heading.default\">\n\t\t\t\t\t<h2 class=\"elementor-heading-title elementor-size-default\">Air Conditioning and Heating Experts <\/h2>\t\t\t\t<\/div>\n\t\t\t\t<div class=\"elementor-element elementor-element-b982e5a elementor-widget elementor-widget-text-editor\" data-id=\"b982e5a\" data-element_type=\"widget\" data-e-type=\"widget\" data-widget_type=\"text-editor.default\">\n\t\t\t\t\t\t\t\t\t<p>Certified technicians and guaranteed service. Contact us and we'll be happy to assist you and provide you with the best service.<\/p>\t\t\t\t\t\t\t\t<\/div>\n\t\t\t\t<div class=\"elementor-element elementor-element-8766c6d elementor-align-center elementor-widget elementor-widget-button\" data-id=\"8766c6d\" data-element_type=\"widget\" data-e-type=\"widget\" data-widget_type=\"button.default\">\n\t\t\t\t\t\t\t\t\t\t<a class=\"elementor-button elementor-button-link elementor-size-sm\" href=\"https:\/\/wa.me\/+12144581213\">\n\t\t\t\t\t\t<span class=\"elementor-button-content-wrapper\">\n\t\t\t\t\t\t\t\t\t<span class=\"elementor-button-text\">Contact<\/span>\n\t\t\t\t\t<\/span>\n\t\t\t\t\t<\/a>\n\t\t\t\t\t\t\t\t<\/div>\n\t\t\t\t<\/div>\n\t\t<div class=\"elementor-element elementor-element-8d589c4 e-con-full elementor-hidden-tablet elementor-hidden-mobile e-flex e-con e-parent\" data-id=\"8d589c4\" data-element_type=\"container\" data-e-type=\"container\" data-settings=\"{&quot;background_background&quot;:&quot;classic&quot;}\">\n\t\t\t\t<div class=\"elementor-element elementor-element-22b97e7 elementor-widget elementor-widget-heading\" data-id=\"22b97e7\" data-element_type=\"widget\" data-e-type=\"widget\" data-widget_type=\"heading.default\">\n\t\t\t\t\t<h2 class=\"elementor-heading-title elementor-size-default\">Air Conditioning and Heating Experts <\/h2>\t\t\t\t<\/div>\n\t\t\t\t<div class=\"elementor-element elementor-element-32c2323 elementor-widget elementor-widget-text-editor\" data-id=\"32c2323\" data-element_type=\"widget\" data-e-type=\"widget\" data-widget_type=\"text-editor.default\">\n\t\t\t\t\t\t\t\t\t<p>Certified technicians and guaranteed service. Contact us and we'll be happy to assist you and provide you with the best service.<\/p>\t\t\t\t\t\t\t\t<\/div>\n\t\t\t\t<div class=\"elementor-element elementor-element-b4810ac elementor-align-center elementor-widget elementor-widget-button\" data-id=\"b4810ac\" data-element_type=\"widget\" data-e-type=\"widget\" data-widget_type=\"button.default\">\n\t\t\t\t\t\t\t\t\t\t<a class=\"elementor-button elementor-button-link elementor-size-sm\" href=\"https:\/\/wa.me\/+12144581213\">\n\t\t\t\t\t\t<span class=\"elementor-button-content-wrapper\">\n\t\t\t\t\t\t\t\t\t<span class=\"elementor-button-text\">Contact<\/span>\n\t\t\t\t\t<\/span>\n\t\t\t\t\t<\/a>\n\t\t\t\t\t\t\t\t<\/div>\n\t\t\t\t<\/div>\n\t\t<div class=\"elementor-element elementor-element-79d48f8 e-flex e-con-boxed e-con e-parent\" data-id=\"79d48f8\" data-element_type=\"container\" data-e-type=\"container\">\n\t\t\t\t\t<div class=\"e-con-inner\">\n\t\t\t\t<div class=\"elementor-element elementor-element-156ecd2 elementor-widget elementor-widget-menu-anchor\" data-id=\"156ecd2\" data-element_type=\"widget\" data-e-type=\"widget\" data-widget_type=\"menu-anchor.default\">\n\t\t\t\t\t\t\t<div class=\"elementor-menu-anchor\" id=\"services\"><\/div>\n\t\t\t\t\t\t<\/div>\n\t\t\t\t\t<\/div>\n\t\t\t\t<\/div>\n\t\t<div class=\"elementor-element elementor-element-8e89282 e-flex e-con-boxed e-con e-parent\" data-id=\"8e89282\" data-element_type=\"container\" data-e-type=\"container\">\n\t\t\t\t\t<div class=\"e-con-inner\">\n\t\t\t\t<div class=\"elementor-element elementor-element-20ecc87 elementor-widget elementor-widget-heading\" data-id=\"20ecc87\" data-element_type=\"widget\" data-e-type=\"widget\" data-widget_type=\"heading.default\">\n\t\t\t\t\t<h2 class=\"elementor-heading-title elementor-size-default\">Our services<\/h2>\t\t\t\t<\/div>\n\t\t\t\t\t<\/div>\n\t\t\t\t<\/div>\n\t\t<div class=\"elementor-element elementor-element-e33e9b9 e-flex e-con-boxed e-con e-parent\" data-id=\"e33e9b9\" data-element_type=\"container\" data-e-type=\"container\">\n\t\t\t\t\t<div class=\"e-con-inner\">\n\t\t<div class=\"elementor-element elementor-element-649d014 e-con-full e-flex e-con e-child\" data-id=\"649d014\" data-element_type=\"container\" data-e-type=\"container\">\n\t\t\t\t<div class=\"elementor-element elementor-element-5e4467a elementor-invisible elementor-widget elementor-widget-image\" data-id=\"5e4467a\" data-element_type=\"widget\" data-e-type=\"widget\" data-settings=\"{&quot;_animation&quot;:&quot;fadeInRight&quot;}\" data-widget_type=\"image.default\">\n\t\t\t\t\t\t\t\t\t\t\t\t\t\t\t<img fetchpriority=\"high\" decoding=\"async\" width=\"1024\" height=\"1024\" src=\"https:\/\/airplustx.com\/wp-content\/uploads\/2026\/02\/Gemini_Generated_Image_eufuvfeufuvfeufu-2.png\" class=\"attachment-large size-large wp-image-108\" alt=\"\" srcset=\"https:\/\/airplustx.com\/wp-content\/uploads\/2026\/02\/Gemini_Generated_Image_eufuvfeufuvfeufu-2.png 1024w, https:\/\/airplustx.com\/wp-content\/uploads\/2026\/02\/Gemini_Generated_Image_eufuvfeufuvfeufu-2-300x300.png 300w, https:\/\/airplustx.com\/wp-content\/uploads\/2026\/02\/Gemini_Generated_Image_eufuvfeufuvfeufu-2-150x150.png 150w, https:\/\/airplustx.com\/wp-content\/uploads\/2026\/02\/Gemini_Generated_Image_eufuvfeufuvfeufu-2-768x768.png 768w, https:\/\/airplustx.com\/wp-content\/uploads\/2026\/02\/Gemini_Generated_Image_eufuvfeufuvfeufu-2-12x12.png 12w\" sizes=\"(max-width: 1024px) 100vw, 1024px\" \/>\t\t\t\t\t\t\t\t\t\t\t\t\t\t\t<\/div>\n\t\t\t\t<div class=\"elementor-element elementor-element-3bccd7e elementor-widget elementor-widget-heading\" data-id=\"3bccd7e\" data-element_type=\"widget\" data-e-type=\"widget\" data-widget_type=\"heading.default\">\n\t\t\t\t\t<h2 class=\"elementor-heading-title elementor-size-default\">GET A PREVENTIVE CHECKUP<\/h2>\t\t\t\t<\/div>\n\t\t\t\t<div class=\"elementor-element elementor-element-099692b elementor-widget elementor-widget-text-editor\" data-id=\"099692b\" data-element_type=\"widget\" data-e-type=\"widget\" data-widget_type=\"text-editor.default\">\n\t\t\t\t\t\t\t\t\t<p>Prevent your air conditioning system from failing when you need it most; request a check-up and protect your family during this hot season.\u00a0<\/p>\t\t\t\t\t\t\t\t<\/div>\n\t\t\t\t<\/div>\n\t\t<div class=\"elementor-element elementor-element-15297ae e-con-full e-flex e-con e-child\" data-id=\"15297ae\" data-element_type=\"container\" data-e-type=\"container\">\n\t\t\t\t<div class=\"elementor-element elementor-element-eb75f22 elementor-invisible elementor-widget elementor-widget-image\" data-id=\"eb75f22\" data-element_type=\"widget\" data-e-type=\"widget\" data-settings=\"{&quot;_animation&quot;:&quot;fadeInRight&quot;}\" data-widget_type=\"image.default\">\n\t\t\t\t\t\t\t\t\t\t\t\t\t\t\t<img decoding=\"async\" width=\"1024\" height=\"1024\" src=\"https:\/\/airplustx.com\/wp-content\/uploads\/2026\/02\/Gemini_Generated_Image_w2mb91w2mb91w2mb.png\" class=\"attachment-large size-large wp-image-112\" alt=\"\" srcset=\"https:\/\/airplustx.com\/wp-content\/uploads\/2026\/02\/Gemini_Generated_Image_w2mb91w2mb91w2mb.png 1024w, https:\/\/airplustx.com\/wp-content\/uploads\/2026\/02\/Gemini_Generated_Image_w2mb91w2mb91w2mb-300x300.png 300w, https:\/\/airplustx.com\/wp-content\/uploads\/2026\/02\/Gemini_Generated_Image_w2mb91w2mb91w2mb-150x150.png 150w, https:\/\/airplustx.com\/wp-content\/uploads\/2026\/02\/Gemini_Generated_Image_w2mb91w2mb91w2mb-768x768.png 768w, https:\/\/airplustx.com\/wp-content\/uploads\/2026\/02\/Gemini_Generated_Image_w2mb91w2mb91w2mb-12x12.png 12w\" sizes=\"(max-width: 1024px) 100vw, 1024px\" \/>\t\t\t\t\t\t\t\t\t\t\t\t\t\t\t<\/div>\n\t\t\t\t<div class=\"elementor-element elementor-element-2cf2bc0 elementor-widget elementor-widget-heading\" data-id=\"2cf2bc0\" data-element_type=\"widget\" data-e-type=\"widget\" data-widget_type=\"heading.default\">\n\t\t\t\t\t<h2 class=\"elementor-heading-title elementor-size-default\">REQUEST EMERGENCY REPAIR<\/h2>\t\t\t\t<\/div>\n\t\t\t\t<div class=\"elementor-element elementor-element-319a2b6 elementor-widget elementor-widget-text-editor\" data-id=\"319a2b6\" data-element_type=\"widget\" data-e-type=\"widget\" data-widget_type=\"text-editor.default\">\n\t\t\t\t\t\t\t\t\t<p>If your air conditioner has already failed, request an emergency repair from our technicians; we will arrive as soon as possible.\u00a0<\/p>\t\t\t\t\t\t\t\t<\/div>\n\t\t\t\t<\/div>\n\t\t<div class=\"elementor-element elementor-element-210c7c0 e-con-full e-flex e-con e-child\" data-id=\"210c7c0\" data-element_type=\"container\" data-e-type=\"container\">\n\t\t\t\t<div class=\"elementor-element elementor-element-b77ae4c elementor-invisible elementor-widget elementor-widget-image\" data-id=\"b77ae4c\" data-element_type=\"widget\" data-e-type=\"widget\" data-settings=\"{&quot;_animation&quot;:&quot;fadeInRight&quot;}\" data-widget_type=\"image.default\">\n\t\t\t\t\t\t\t\t\t\t\t\t\t\t\t<img decoding=\"async\" width=\"1024\" height=\"1024\" src=\"https:\/\/airplustx.com\/wp-content\/uploads\/2026\/02\/Gemini_Generated_Image_322w5x322w5x322w.png\" class=\"attachment-large size-large wp-image-116\" alt=\"\" srcset=\"https:\/\/airplustx.com\/wp-content\/uploads\/2026\/02\/Gemini_Generated_Image_322w5x322w5x322w.png 1024w, https:\/\/airplustx.com\/wp-content\/uploads\/2026\/02\/Gemini_Generated_Image_322w5x322w5x322w-300x300.png 300w, https:\/\/airplustx.com\/wp-content\/uploads\/2026\/02\/Gemini_Generated_Image_322w5x322w5x322w-150x150.png 150w, https:\/\/airplustx.com\/wp-content\/uploads\/2026\/02\/Gemini_Generated_Image_322w5x322w5x322w-768x768.png 768w, https:\/\/airplustx.com\/wp-content\/uploads\/2026\/02\/Gemini_Generated_Image_322w5x322w5x322w-12x12.png 12w\" sizes=\"(max-width: 1024px) 100vw, 1024px\" \/>\t\t\t\t\t\t\t\t\t\t\t\t\t\t\t<\/div>\n\t\t\t\t<div class=\"elementor-element elementor-element-8610332 elementor-widget elementor-widget-heading\" data-id=\"8610332\" data-element_type=\"widget\" data-e-type=\"widget\" data-widget_type=\"heading.default\">\n\t\t\t\t\t<h2 class=\"elementor-heading-title elementor-size-default\">NEW EQUIPMENT INSTALLATION PROJECTS <\/h2>\t\t\t\t<\/div>\n\t\t\t\t<div class=\"elementor-element elementor-element-ac3c5e0 elementor-widget elementor-widget-text-editor\" data-id=\"ac3c5e0\" data-element_type=\"widget\" data-e-type=\"widget\" data-widget_type=\"text-editor.default\">\n\t\t\t\t\t\t\t\t\t<p>Check out the complete installation of new air conditioning and heating systems for new homes or replacements of old equipment.\u00a0<\/p>\t\t\t\t\t\t\t\t<\/div>\n\t\t\t\t<\/div>\n\t\t\t\t\t<\/div>\n\t\t\t\t<\/div>\n\t\t<div class=\"elementor-element elementor-element-53a9f90 e-flex e-con-boxed e-con e-parent\" data-id=\"53a9f90\" data-element_type=\"container\" data-e-type=\"container\">\n\t\t\t\t\t<div class=\"e-con-inner\">\n\t\t\t\t<div class=\"elementor-element elementor-element-2ed25a4 elementor-align-center elementor-widget elementor-widget-button\" data-id=\"2ed25a4\" data-element_type=\"widget\" data-e-type=\"widget\" data-widget_type=\"button.default\">\n\t\t\t\t\t\t\t\t\t\t<a class=\"elementor-button elementor-button-link elementor-size-sm\" href=\"https:\/\/wa.me\/+12144581213\">\n\t\t\t\t\t\t<span class=\"elementor-button-content-wrapper\">\n\t\t\t\t\t\t\t\t\t<span class=\"elementor-button-text\">More Info<\/span>\n\t\t\t\t\t<\/span>\n\t\t\t\t\t<\/a>\n\t\t\t\t\t\t\t\t<\/div>\n\t\t\t\t\t<\/div>\n\t\t\t\t<\/div>\n\t\t<div class=\"elementor-element elementor-element-f9f3df9 e-con-full e-flex e-con e-parent\" data-id=\"f9f3df9\" data-element_type=\"container\" data-e-type=\"container\" data-settings=\"{&quot;background_background&quot;:&quot;classic&quot;}\">\n\t\t\t\t<div class=\"elementor-element elementor-element-6b325df elementor-invisible elementor-widget elementor-widget-image\" data-id=\"6b325df\" data-element_type=\"widget\" data-e-type=\"widget\" data-settings=\"{&quot;_animation&quot;:&quot;fadeInLeft&quot;}\" data-widget_type=\"image.default\">\n\t\t\t\t\t\t\t\t\t\t\t\t\t\t\t<img loading=\"lazy\" decoding=\"async\" width=\"1024\" height=\"1024\" src=\"https:\/\/airplustx.com\/wp-content\/uploads\/2026\/02\/Gemini_Generated_Image_nnqnxmnnqnxmnnqn.png\" class=\"attachment-large size-large wp-image-104\" alt=\"\" srcset=\"https:\/\/airplustx.com\/wp-content\/uploads\/2026\/02\/Gemini_Generated_Image_nnqnxmnnqnxmnnqn.png 1024w, https:\/\/airplustx.com\/wp-content\/uploads\/2026\/02\/Gemini_Generated_Image_nnqnxmnnqnxmnnqn-300x300.png 300w, https:\/\/airplustx.com\/wp-content\/uploads\/2026\/02\/Gemini_Generated_Image_nnqnxmnnqnxmnnqn-150x150.png 150w, https:\/\/airplustx.com\/wp-content\/uploads\/2026\/02\/Gemini_Generated_Image_nnqnxmnnqnxmnnqn-768x768.png 768w\" sizes=\"(max-width: 1024px) 100vw, 1024px\" \/>\t\t\t\t\t\t\t\t\t\t\t\t\t\t\t<\/div>\n\t\t\t\t<\/div>\n\t\t<div class=\"elementor-element elementor-element-282421a e-flex e-con-boxed e-con e-parent\" data-id=\"282421a\" data-element_type=\"container\" data-e-type=\"container\">\n\t\t\t\t\t<div class=\"e-con-inner\">\n\t\t\t\t<div class=\"elementor-element elementor-element-519bab1 elementor-widget elementor-widget-menu-anchor\" data-id=\"519bab1\" data-element_type=\"widget\" data-e-type=\"widget\" data-widget_type=\"menu-anchor.default\">\n\t\t\t\t\t\t\t<div class=\"elementor-menu-anchor\" id=\"contact\"><\/div>\n\t\t\t\t\t\t<\/div>\n\t\t\t\t\t<\/div>\n\t\t\t\t<\/div>\n\t\t<div class=\"elementor-element elementor-element-7731b85 e-flex e-con-boxed e-con e-parent\" data-id=\"7731b85\" data-element_type=\"container\" data-e-type=\"container\" data-settings=\"{&quot;background_background&quot;:&quot;classic&quot;}\">\n\t\t\t\t\t<div class=\"e-con-inner\">\n\t\t<div class=\"elementor-element elementor-element-cd26d7b e-con-full e-flex e-con e-child\" data-id=\"cd26d7b\" data-element_type=\"container\" data-e-type=\"container\">\n\t\t\t\t<div class=\"elementor-element elementor-element-e246b12 elementor-widget elementor-widget-heading\" data-id=\"e246b12\" data-element_type=\"widget\" data-e-type=\"widget\" data-widget_type=\"heading.default\">\n\t\t\t\t\t<h2 class=\"elementor-heading-title elementor-size-default\">REQUEST A FREE QUOTE<\/h2>\t\t\t\t<\/div>\n\t\t\t\t<div class=\"elementor-element elementor-element-80b7ef4 elementor-widget elementor-widget-text-editor\" data-id=\"80b7ef4\" data-element_type=\"widget\" data-e-type=\"widget\" data-widget_type=\"text-editor.default\">\n\t\t\t\t\t\t\t\t\t<p>Our specialists are always available for consultations via WhatsApp. Send us a message and we'll help you with an evaluation and a quote for your repair, free of charge.\u00a0<\/p>\t\t\t\t\t\t\t\t<\/div>\n\t\t\t\t<div class=\"elementor-element elementor-element-f7d2a0d animated-slow elementor-invisible elementor-widget elementor-widget-button\" data-id=\"f7d2a0d\" data-element_type=\"widget\" data-e-type=\"widget\" data-settings=\"{&quot;_animation&quot;:&quot;rollIn&quot;}\" data-widget_type=\"button.default\">\n\t\t\t\t\t\t\t\t\t\t<a class=\"elementor-button elementor-button-link elementor-size-sm\" href=\"https:\/\/wa.me\/+12144581213\">\n\t\t\t\t\t\t<span class=\"elementor-button-content-wrapper\">\n\t\t\t\t\t\t\t\t\t<span class=\"elementor-button-text\">Contact us<\/span>\n\t\t\t\t\t<\/span>\n\t\t\t\t\t<\/a>\n\t\t\t\t\t\t\t\t<\/div>\n\t\t\t\t<div class=\"elementor-element elementor-element-0575d96 elementor-widget elementor-widget-text-editor\" data-id=\"0575d96\" data-element_type=\"widget\" data-e-type=\"widget\" data-widget_type=\"text-editor.default\">\n\t\t\t\t\t\t\t\t\t<p>We accept card payments<\/p>\t\t\t\t\t\t\t\t<\/div>\n\t\t\t\t<div class=\"elementor-element elementor-element-bb0d763 elementor-widget elementor-widget-image\" data-id=\"bb0d763\" data-element_type=\"widget\" data-e-type=\"widget\" data-widget_type=\"image.default\">\n\t\t\t\t\t\t\t\t\t\t\t\t\t\t\t<img loading=\"lazy\" decoding=\"async\" width=\"177\" height=\"25\" src=\"https:\/\/airplustx.com\/wp-content\/uploads\/2026\/02\/payment-card.png\" class=\"attachment-large size-large wp-image-52\" alt=\"\" \/>\t\t\t\t\t\t\t\t\t\t\t\t\t\t\t<\/div>\n\t\t\t\t<\/div>\n\t\t<div class=\"elementor-element elementor-element-4650fb2 e-con-full e-flex e-con e-child\" data-id=\"4650fb2\" data-element_type=\"container\" data-e-type=\"container\" data-settings=\"{&quot;background_background&quot;:&quot;classic&quot;}\">\n\t\t\t\t<div class=\"elementor-element elementor-element-7b9c90d elementor-widget elementor-widget-image\" data-id=\"7b9c90d\" data-element_type=\"widget\" data-e-type=\"widget\" data-widget_type=\"image.default\">\n\t\t\t\t\t\t\t\t\t\t\t\t\t\t\t<img loading=\"lazy\" decoding=\"async\" width=\"683\" height=\"1024\" src=\"https:\/\/airplustx.com\/wp-content\/uploads\/2026\/02\/Diseno-sin-titulo-91-683x1024.png\" class=\"attachment-large size-large wp-image-38\" alt=\"\" srcset=\"https:\/\/airplustx.com\/wp-content\/uploads\/2026\/02\/Diseno-sin-titulo-91-683x1024.png 683w, https:\/\/airplustx.com\/wp-content\/uploads\/2026\/02\/Diseno-sin-titulo-91-200x300.png 200w, https:\/\/airplustx.com\/wp-content\/uploads\/2026\/02\/Diseno-sin-titulo-91-768x1152.png 768w, https:\/\/airplustx.com\/wp-content\/uploads\/2026\/02\/Diseno-sin-titulo-91-1024x1536.png 1024w, https:\/\/airplustx.com\/wp-content\/uploads\/2026\/02\/Diseno-sin-titulo-91-1365x2048.png 1365w, https:\/\/airplustx.com\/wp-content\/uploads\/2026\/02\/Diseno-sin-titulo-91-scaled.png 1707w\" sizes=\"(max-width: 683px) 100vw, 683px\" \/>\t\t\t\t\t\t\t\t\t\t\t\t\t\t\t<\/div>\n\t\t\t\t<\/div>\n\t\t\t\t\t<\/div>\n\t\t\t\t<\/div>\n\t\t<div class=\"elementor-element elementor-element-9fab0f4 e-flex e-con-boxed e-con e-parent\" data-id=\"9fab0f4\" data-element_type=\"container\" data-e-type=\"container\" data-settings=\"{&quot;background_background&quot;:&quot;classic&quot;}\">\n\t\t\t\t\t<div class=\"e-con-inner\">\n\t\t<div class=\"elementor-element elementor-element-a58f9f5 e-con-full e-flex e-con e-child\" data-id=\"a58f9f5\" data-element_type=\"container\" data-e-type=\"container\">\n\t\t\t\t<div class=\"elementor-element elementor-element-6f0d7d3 elementor-widget elementor-widget-image\" data-id=\"6f0d7d3\" data-element_type=\"widget\" data-e-type=\"widget\" data-widget_type=\"image.default\">\n\t\t\t\t\t\t\t\t\t\t\t\t\t\t\t<img loading=\"lazy\" decoding=\"async\" width=\"1024\" height=\"1024\" src=\"https:\/\/airplustx.com\/wp-content\/uploads\/2026\/02\/Air-Plus-logo-oficial-2026-scaled-85x85.png\" class=\"attachment-large size-large wp-image-16\" alt=\"\" srcset=\"https:\/\/airplustx.com\/wp-content\/uploads\/2026\/02\/Air-Plus-logo-oficial-2026-scaled-1024x1024.png 1024w, https:\/\/airplustx.com\/wp-content\/uploads\/2026\/02\/Air-Plus-logo-oficial-2026-scaled-300x300.png 300w, https:\/\/airplustx.com\/wp-content\/uploads\/2026\/02\/Air-Plus-logo-oficial-2026-scaled-150x150.png 150w, https:\/\/airplustx.com\/wp-content\/uploads\/2026\/02\/Air-Plus-logo-oficial-2026-scaled-768x768.png 768w, https:\/\/airplustx.com\/wp-content\/uploads\/2026\/02\/Air-Plus-logo-oficial-2026-scaled-1536x1536.png 1536w, https:\/\/airplustx.com\/wp-content\/uploads\/2026\/02\/Air-Plus-logo-oficial-2026-scaled-2048x2048.png 2048w, https:\/\/airplustx.com\/wp-content\/uploads\/2026\/02\/Air-Plus-logo-oficial-2026-scaled-12x12.png 12w, https:\/\/airplustx.com\/wp-content\/uploads\/2026\/02\/Air-Plus-logo-oficial-2026-scaled-85x85.png 85w\" sizes=\"(max-width: 1024px) 100vw, 1024px\" \/>\t\t\t\t\t\t\t\t\t\t\t\t\t\t\t<\/div>\n\t\t\t\t<\/div>\n\t\t<div class=\"elementor-element elementor-element-0f928a5 e-con-full e-flex e-con e-child\" data-id=\"0f928a5\" data-element_type=\"container\" data-e-type=\"container\">\n\t\t\t\t<div class=\"elementor-element elementor-element-df138ef elementor-widget elementor-widget-text-editor\" data-id=\"df138ef\" data-element_type=\"widget\" data-e-type=\"widget\" data-widget_type=\"text-editor.default\">\n\t\t\t\t\t\t\t\t\t<p>Cont\u00e1ctanos al +1 214-458-1213<\/p><p>Mail: <a class=\"x1i10hfl xjbqb8w x1ejq31n x18oe1m7 x1sy0etr xstzfhl x972fbf x10w94by x1qhh985 x14e42zd x9f619 x1ypdohk xt0psk2 x3ct3a4 xdj266r x14z9mp xat24cr x1lziwak xexx8yu xyri2b x18d9i69 x1c1uobl x16tdsg8 x1hl2dhg xggy1nq x1a2a7pz xkrqix3 x1sur9pj x1fey0fg x1s688f\" tabindex=\"0\" role=\"link\" href=\"mailto:airplustx@gmail.com\" target=\"_blank\" rel=\"nofollow noopener noreferrer\">airplustx@gmail.com<\/a><\/p><p><a class=\"x1i10hfl xjbqb8w x1ejq31n x18oe1m7 x1sy0etr xstzfhl x972fbf x10w94by x1qhh985 x14e42zd x9f619 x1ypdohk xt0psk2 x3ct3a4 xdj266r x14z9mp xat24cr x1lziwak xexx8yu xyri2b x18d9i69 x1c1uobl x16tdsg8 x1hl2dhg xggy1nq x1a2a7pz xkrqix3 x1sur9pj x1fey0fg x1s688f\" tabindex=\"0\" role=\"link\" href=\"https:\/\/www.bing.com\/maps\/default.aspx?v=2&amp;pc=FACEBK&amp;mid=8100&amp;where1=1902%20COUNTRY%20CLUB%20DR%2C%20Carrollton%2C%20TX%2C%20United%20States%2C%2075006&amp;FORM=FBKPL1&amp;mkt=es-MX&amp;fbclid=IwZXh0bgNhZW0CMTAAYnJpZBExSGdtZnhhZ2tnSjRSWmhBdXNydGMGYXBwX2lkEDIyMjAzOTE3ODgyMDA4OTIAAR62Q1GWagwKJkJRiB2GpfF6Dkz3rJVAiY0I6GJv1254UEo5DGCg_nMIVAeNiw_aem_HcnTJZuBKojV7bTEXf2klQ\" target=\"_blank\" rel=\"nofollow noopener noreferrer\">1902 COUNTRY CLUB DR, Carrollton, TX, United States, 75006<\/a><\/p>\t\t\t\t\t\t\t\t<\/div>\n\t\t\t\t<\/div>\n\t\t\t\t\t<\/div>\n\t\t\t\t<\/div>\n\t\t\t\t<\/div>","protected":false},"excerpt":{"rendered":"<p>Expertos en Aire Acondicionado y Calefacci\u00f3n T\u00e9cnicos certificados y servicio garantizado, cont\u00e1ctanos y con gusto te atenderemos para darte el [&hellip;]<\/p>\n","protected":false},"author":2,"featured_media":0,"parent":0,"menu_order":0,"comment_status":"closed","ping_status":"closed","template":"","meta":{"site-sidebar-layout":"no-sidebar","site-content-layout":"plain-container","ast-site-content-layout":"full-width-container","site-content-style":"default","site-sidebar-style":"default","ast-global-header-display":"","ast-banner-title-visibility":"","ast-main-header-display":"","ast-hfb-above-header-display":"","ast-hfb-below-header-display":"","ast-hfb-mobile-header-display":"","site-post-title":"disabled","ast-breadcrumbs-content":"","ast-featured-img":"disabled","footer-sml-layout":"","ast-disable-related-posts":"","theme-transparent-header-meta":"disabled","adv-header-id-meta":"","stick-header-meta":"","header-above-stick-meta":"","header-main-stick-meta":"","header-below-stick-meta":"","astra-migrate-meta-layouts":"default","ast-page-background-enabled":"default","ast-page-background-meta":{"desktop":{"background-color":"var(--ast-global-color-5)","background-image":"","background-repeat":"repeat","background-position":"center center","background-size":"auto","background-attachment":"scroll","background-type":"","background-media":"","overlay-type":"","overlay-color":"","overlay-opacity":"","overlay-gradient":""},"tablet":{"background-color":"","background-image":"","background-repeat":"repeat","background-position":"center center","background-size":"auto","background-attachment":"scroll","background-type":"","background-media":"","overlay-type":"","overlay-color":"","overlay-opacity":"","overlay-gradient":""},"mobile":{"background-color":"","background-image":"","background-repeat":"repeat","background-position":"center center","background-size":"auto","background-attachment":"scroll","background-type":"","background-media":"","overlay-type":"","overlay-color":"","overlay-opacity":"","overlay-gradient":""}},"ast-content-background-meta":{"desktop":{"background-color":"var(--ast-global-color-4)","background-image":"","background-repeat":"repeat","background-position":"center center","background-size":"auto","background-attachment":"scroll","background-type":"","background-media":"","overlay-type":"","overlay-color":"","overlay-opacity":"","overlay-gradient":""},"tablet":{"background-color":"var(--ast-global-color-4)","background-image":"","background-repeat":"repeat","background-position":"center center","background-size":"auto","background-attachment":"scroll","background-type":"","background-media":"","overlay-type":"","overlay-color":"","overlay-opacity":"","overlay-gradient":""},"mobile":{"background-color":"var(--ast-global-color-4)","background-image":"","background-repeat":"repeat","background-position":"center center","background-size":"auto","background-attachment":"scroll","background-type":"","background-media":"","overlay-type":"","overlay-color":"","overlay-opacity":"","overlay-gradient":""}},"_joinchat":[],"footnotes":""},"class_list":["post-14","page","type-page","status-publish","hentry"],"_links":{"self":[{"href":"https:\/\/airplustx.com\/en\/wp-json\/wp\/v2\/pages\/14","targetHints":{"allow":["GET"]}}],"collection":[{"href":"https:\/\/airplustx.com\/en\/wp-json\/wp\/v2\/pages"}],"about":[{"href":"https:\/\/airplustx.com\/en\/wp-json\/wp\/v2\/types\/page"}],"author":[{"embeddable":true,"href":"https:\/\/airplustx.com\/en\/wp-json\/wp\/v2\/users\/2"}],"replies":[{"embeddable":true,"href":"https:\/\/airplustx.com\/en\/wp-json\/wp\/v2\/comments?post=14"}],"version-history":[{"count":89,"href":"https:\/\/airplustx.com\/en\/wp-json\/wp\/v2\/pages\/14\/revisions"}],"predecessor-version":[{"id":152,"href":"https:\/\/airplustx.com\/en\/wp-json\/wp\/v2\/pages\/14\/revisions\/152"}],"wp:attachment":[{"href":"https:\/\/airplustx.com\/en\/wp-json\/wp\/v2\/media?parent=14"}],"curies":[{"name":"wp","href":"https:\/\/api.w.org\/{rel}","templated":true}]}}